{"id":912,"date":"2026-04-10T23:24:44","date_gmt":"2026-04-10T21:24:44","guid":{"rendered":"https:\/\/solenemaro41.fr\/?product=sac-a-main-lancaster-milano"},"modified":"2026-04-10T23:24:49","modified_gmt":"2026-04-10T21:24:49","slug":"sac-a-main-lancaster-milano","status":"publish","type":"product","link":"https:\/\/solenemaro41.fr\/?product=sac-a-main-lancaster-milano","title":{"rendered":"SAC A MAIN LANCASTER MILANO"},"content":{"rendered":"<p><span style=\"font-family: arial, helvetica, sans-serif. font-size: small. color: #000000.\"><strong>Caract\u00e9.ristiques du SAC A MAIN LANCASTER FOULONN\u00c9. MILANO NOIR<\/strong><\/span><\/p>\n<ul>\n<li><span>Poche arri\u00e8.re ext\u00e9.rieure zipp\u00e9.e<\/span><\/li>\n<li><span>Poche int\u00e9.rieure zipp\u00e9.e<\/span><\/li>\n<li><span>Compartiment central zipp\u00e9.<\/span><\/li>\n<li><span>Poche int\u00e9.rieure simple<\/span><\/li>\n<li><span>Rangement t\u00e9.l\u00e9.phone<\/span><\/li>\n<li>Fermeture \u00e0. rabat avec fermoir<\/li>\n<\/ul>\n<p>Finition :<\/p>\n<ul>\n<li>M\u00e9.tal dor\u00e9. brillant<\/li>\n<\/ul>\n<p>Dimensions :<\/p>\n<ul>\n<li>25 x 20 x 11 cm<\/li>\n<\/ul>\n<p>Composition :<\/p>\n<ul>\n<li><span>Cuir de vachette finition grain\u00e9.e<\/span> et doublure synth\u00e9.tique<\/li>\n<\/ul>\n<p><strong>Informations livraisons<\/strong><\/p>\n<p>Les frais de livraisons sont offerts d\u00e8.s 40&#038;euro. d&rsquo;achats<\/p>\n<p>Mode de paiement s\u00e9.curis\u00e9.s accept\u00e9.s : CARTE BANCAIRE\u00a0. ou\u00a0. PAYPAL<\/p>\n<div>R\u00e9.ception des marchandises : A domicile ou Retrait \u00e0. notre magasin<\/div>\n<div>Livraison entre 3 et 5 jours<\/div>\n<div>Retrait au magasin sous 24h (rdv)<\/div>\n<div>Consulter nos<a href=\"https:\/\/www.solene-maroquinerie.fr\/conditions_generales_de_vente.html\" target=\"_self\" title=\"Nos CGV\">\u00a0.conditions g\u00e9.n\u00e9.rales de ventes<\/a><\/div>\n","protected":false},"excerpt":{"rendered":"<p>Caract\u00e9.ristiques du SAC A MAIN LANCASTER FOULONN\u00c9. MILANO NOIR Poche arri\u00e8.re ext\u00e9.rieure zipp\u00e9.e Poche int\u00e9.rieure zipp\u00e9.e Compartiment central zipp\u00e9. Poche int\u00e9.rieure simple Rangement t\u00e9.l\u00e9.phone Fermeture \u00e0. rabat avec fermoir Finition : M\u00e9.tal dor\u00e9. brillant Dimensions : 25 x 20 x 11 cm Composition : Cuir de vachette finition grain\u00e9.e et doublure synth\u00e9.tique Informations livraisons Les [&hellip;]<\/p>\n","protected":false},"featured_media":911,"comment_status":"open","ping_status":"closed","template":"","meta":[],"product_brand":[29],"product_cat":[27,28],"product_tag":[],"class_list":{"0":"post-912","1":"product","2":"type-product","3":"status-publish","4":"has-post-thumbnail","6":"product_brand-lancaster","7":"product_cat-sac-a-main","8":"product_cat-sac-a-main-2","10":"first","11":"instock","12":"shipping-taxable","13":"purchasable","14":"product-type-simple"},"_links":{"self":[{"href":"https:\/\/solenemaro41.fr\/index.php?rest_route=\/wp\/v2\/product\/912","targetHints":{"allow":["GET"]}}],"collection":[{"href":"https:\/\/solenemaro41.fr\/index.php?rest_route=\/wp\/v2\/product"}],"about":[{"href":"https:\/\/solenemaro41.fr\/index.php?rest_route=\/wp\/v2\/types\/product"}],"replies":[{"embeddable":true,"href":"https:\/\/solenemaro41.fr\/index.php?rest_route=%2Fwp%2Fv2%2Fcomments&post=912"}],"wp:featuredmedia":[{"embeddable":true,"href":"https:\/\/solenemaro41.fr\/index.php?rest_route=\/wp\/v2\/media\/911"}],"wp:attachment":[{"href":"https:\/\/solenemaro41.fr\/index.php?rest_route=%2Fwp%2Fv2%2Fmedia&parent=912"}],"wp:term":[{"taxonomy":"product_brand","embeddable":true,"href":"https:\/\/solenemaro41.fr\/index.php?rest_route=%2Fwp%2Fv2%2Fproduct_brand&post=912"},{"taxonomy":"product_cat","embeddable":true,"href":"https:\/\/solenemaro41.fr\/index.php?rest_route=%2Fwp%2Fv2%2Fproduct_cat&post=912"},{"taxonomy":"product_tag","embeddable":true,"href":"https:\/\/solenemaro41.fr\/index.php?rest_route=%2Fwp%2Fv2%2Fproduct_tag&post=912"}],"curies":[{"name":"wp","href":"https:\/\/api.w.org\/{rel}","templated":true}]}}