{"id":925,"date":"2026-04-10T23:24:57","date_gmt":"2026-04-10T21:24:57","guid":{"rendered":"https:\/\/solenemaro41.fr\/?product=sac-a-dos-rains-backpack-mini"},"modified":"2026-04-10T23:25:01","modified_gmt":"2026-04-10T21:25:01","slug":"sac-a-dos-rains-backpack-mini","status":"publish","type":"product","link":"https:\/\/solenemaro41.fr\/?product=sac-a-dos-rains-backpack-mini","title":{"rendered":"SAC A DOS RAINS BACKPACK MINI"},"content":{"rendered":"<p><strong>Caract\u00e9.ristiques du\u00a0.SAC A DOS RAINS BACKPACK MINI TONAL GREEN<\/strong><\/p>\n<ul>\n<li>Imperm\u00e9.abilit\u00e9. : 8 000 mm<\/li>\n<li>Fermeture \u00e0. mousqueton embl\u00e9.matique<\/li>\n<li>Rabat avec fermeture pressionn\u00e9.e magn\u00e9.tique<\/li>\n<li>Un compartiment principal<\/li>\n<li>Poche ext\u00e9.rieure arri\u00e8.re zipp\u00e9.e<\/li>\n<li>Poche int\u00e9.rieure zipp\u00e9.e<\/li>\n<li>Compartiment plat pouvant accueillir un ordinateur portable 13&#038;rdquo. avec pochette ou un ordinateur portable 15&#038;rdquo. sans pochette<\/li>\n<li>Bretelles r\u00e9.glables<\/li>\n<li>Ce produit est con\u00e7.u pour r\u00e9.sister \u00e0. des pluies l\u00e9.g\u00e8.res \u00e0. mod\u00e9.r\u00e9.es<\/li>\n<\/ul>\n<p><strong>Dimensions<\/strong><\/p>\n<ul>\n<li>H 40 x L 29 x P 10 cm<\/li>\n<li>Volume : 9 litres<\/li>\n<\/ul>\n<p><strong>Composition<\/strong><\/p>\n<ul>\n<li>Mati\u00e8.re : 100 % polyester avec un rev\u00ea.tement en polyur\u00e9.thane<\/li>\n<li>Doublure : 100 % polyester<\/li>\n<\/ul>\n<div>\n<p><strong>Informations livraisons<\/strong><\/p>\n<p>Les frais de livraisons sont offerts d\u00e8.s 40&#038;euro. d&rsquo;achats<\/p>\n<p>Mode de paiement s\u00e9.curis\u00e9.s accept\u00e9.s : CARTE BANCAIRE\u00a0. ou\u00a0. PAYPAL<\/p>\n<div>R\u00e9.ception des marchandises : A domicile ou Retrait \u00e0. notre magasin<\/div>\n<div>Livraison entre 3 et 5 jours<\/div>\n<div>Retrait au magasin sous 24h (rdv)<\/div>\n<div>Consulter nos<a href=\"https:\/\/www.solene-maroquinerie.fr\/conditions_generales_de_vente.html\" target=\"_self\" title=\"Nos CGV\">\u00a0.conditions g\u00e9.n\u00e9.rales de ventes<\/a><\/div>\n<\/p><\/div>\n","protected":false},"excerpt":{"rendered":"<p>Caract\u00e9.ristiques du\u00a0.SAC A DOS RAINS BACKPACK MINI TONAL GREEN Imperm\u00e9.abilit\u00e9. : 8 000 mm Fermeture \u00e0. mousqueton embl\u00e9.matique Rabat avec fermeture pressionn\u00e9.e magn\u00e9.tique Un compartiment principal Poche ext\u00e9.rieure arri\u00e8.re zipp\u00e9.e Poche int\u00e9.rieure zipp\u00e9.e Compartiment plat pouvant accueillir un ordinateur portable 13&#038;rdquo. avec pochette ou un ordinateur portable 15&#038;rdquo. sans pochette Bretelles r\u00e9.glables Ce produit est [&hellip;]<\/p>\n","protected":false},"featured_media":924,"comment_status":"open","ping_status":"closed","template":"","meta":[],"product_brand":[62],"product_cat":[61,19],"product_tag":[],"class_list":{"0":"post-925","1":"product","2":"type-product","3":"status-publish","4":"has-post-thumbnail","6":"product_brand-rains","7":"product_cat-backpack-mini","8":"product_cat-sac-a-dos","10":"first","11":"instock","12":"shipping-taxable","13":"purchasable","14":"product-type-simple"},"_links":{"self":[{"href":"https:\/\/solenemaro41.fr\/index.php?rest_route=\/wp\/v2\/product\/925","targetHints":{"allow":["GET"]}}],"collection":[{"href":"https:\/\/solenemaro41.fr\/index.php?rest_route=\/wp\/v2\/product"}],"about":[{"href":"https:\/\/solenemaro41.fr\/index.php?rest_route=\/wp\/v2\/types\/product"}],"replies":[{"embeddable":true,"href":"https:\/\/solenemaro41.fr\/index.php?rest_route=%2Fwp%2Fv2%2Fcomments&post=925"}],"wp:featuredmedia":[{"embeddable":true,"href":"https:\/\/solenemaro41.fr\/index.php?rest_route=\/wp\/v2\/media\/924"}],"wp:attachment":[{"href":"https:\/\/solenemaro41.fr\/index.php?rest_route=%2Fwp%2Fv2%2Fmedia&parent=925"}],"wp:term":[{"taxonomy":"product_brand","embeddable":true,"href":"https:\/\/solenemaro41.fr\/index.php?rest_route=%2Fwp%2Fv2%2Fproduct_brand&post=925"},{"taxonomy":"product_cat","embeddable":true,"href":"https:\/\/solenemaro41.fr\/index.php?rest_route=%2Fwp%2Fv2%2Fproduct_cat&post=925"},{"taxonomy":"product_tag","embeddable":true,"href":"https:\/\/solenemaro41.fr\/index.php?rest_route=%2Fwp%2Fv2%2Fproduct_tag&post=925"}],"curies":[{"name":"wp","href":"https:\/\/api.w.org\/{rel}","templated":true}]}}