{"id":957,"date":"2026-04-10T23:26:56","date_gmt":"2026-04-10T21:26:56","guid":{"rendered":"https:\/\/solenemaro41.fr\/?product=petit-sac-a-main-le-tanneur-gise"},"modified":"2026-04-10T23:27:02","modified_gmt":"2026-04-10T21:27:02","slug":"petit-sac-a-main-le-tanneur-gise","status":"publish","type":"product","link":"https:\/\/solenemaro41.fr\/?product=petit-sac-a-main-le-tanneur-gise","title":{"rendered":"PETIT SAC \u00c0 MAIN LE TANNEUR GIS\u00c8"},"content":{"rendered":"<p><strong>Caract\u00e9.ristiques du\u00a0.<\/strong><strong>PETIT SAC \u00c0. MAIN LE TANNEUR GIS\u00c8.LE EN CUIR GRAIN\u00c9. NOIR<\/strong><\/p>\n<ul>\n<li><span style=\"font-family: arial, helvetica, sans-serif. font-size: small.\">Petit sac bugatti avec charms T signature et marquage Le Tanneur.<\/span><\/li>\n<li><span style=\"font-family: arial, helvetica, sans-serif. font-size: small.\">Port\u00e9. main, \u00e9.paule ou crois\u00e9. gr\u00e2.ce \u00e0. sa bandouli\u00e8.re ajustable et amovible.<\/span><\/li>\n<li><span style=\"font-size: small. font-family: arial, helvetica, sans-serif.\">2 poches plates, 1 poche zipp\u00e9.e et 1 soufflet, 1 mousqueton cl\u00e9.s.<\/span><\/li>\n<li><span style=\"font-size: small. font-family: arial, helvetica, sans-serif.\">Poign\u00e9.e amovible.<\/span><\/li>\n<li><span style=\"font-size: small. font-family: arial, helvetica, sans-serif.\">Bandouli\u00e8.re amovible et ajustable.<\/span><\/li>\n<li><span style=\"font-size: small. font-family: arial, helvetica, sans-serif.\">Accessoires m\u00e9.talliques finition argent.<\/span><\/li>\n<li><span style=\"font-size: small. font-family: arial, helvetica, sans-serif.\">Avec son T signature et ses traits bien \u00e0. lui, ce petit sac souple et bien agenc\u00e9. compl\u00e8.te parfaitement le tableau.<\/span><\/li>\n<\/ul>\n<p>Dimensions :<\/p>\n<ul>\n<li><span style=\"font-family: arial, helvetica, sans-serif. font-size: small.\">L 22 x H 17 x P 8 cm<\/span><\/li>\n<\/ul>\n<p>Composition :\u00a0.<\/p>\n<ul>\n<li>\n<p>Cuir de vachette pleine fleur grain\u00e9.. Doublure textile Le Bleu.<\/p>\n<\/li>\n<li>\n<p>Le cuir grain\u00e9. pleine fleur allie \u00e9.l\u00e9.gance et sp\u00e9.cificit\u00e9. gr\u00e2.ce \u00e0. son grain apparent. Le cuir pleine fleur est un cuir dont la surface est rest\u00e9.e intacte et naturelle. C&#038;rsquo.est la partie la plus noble du cuir. Une sensation agr\u00e9.able au toucher le rend tr\u00e8.s singulier.<\/p>\n<\/li>\n<\/ul>\n<p><strong>Informations livraisons<\/strong><\/p>\n<div>Les frais de livraisons sont offerts d\u00e8.s 40&#038;euro. d&rsquo;achats<br \/>Livraison entre 3 et 5 jours<\/div>\n<div>Mode de paiement s\u00e9.curis\u00e9.s accept\u00e9.s : CARTE BANCAIRE\u00a0. ou\u00a0. PAYPAL<br \/>R\u00e9.ception des marchandises : A domicile ou Retrait \u00e0. notre magasin<br \/>Consulter nos<a href=\"https:\/\/www.solene-maroquinerie.fr\/conditions_generales_de_vente.html\" target=\"_self\" title=\"Nos CGV\">\u00a0.conditions g\u00e9.n\u00e9.rales de ventes<\/a><\/div>\n","protected":false},"excerpt":{"rendered":"<p>Caract\u00e9.ristiques du\u00a0.PETIT SAC \u00c0. MAIN LE TANNEUR GIS\u00c8.LE EN CUIR GRAIN\u00c9. NOIR Petit sac bugatti avec charms T signature et marquage Le Tanneur. Port\u00e9. main, \u00e9.paule ou crois\u00e9. gr\u00e2.ce \u00e0. sa bandouli\u00e8.re ajustable et amovible. 2 poches plates, 1 poche zipp\u00e9.e et 1 soufflet, 1 mousqueton cl\u00e9.s. Poign\u00e9.e amovible. Bandouli\u00e8.re amovible et ajustable. Accessoires m\u00e9.talliques [&hellip;]<\/p>\n","protected":false},"featured_media":956,"comment_status":"open","ping_status":"closed","template":"","meta":[],"product_brand":[48],"product_cat":[24,47],"product_tag":[],"class_list":{"0":"post-957","1":"product","2":"type-product","3":"status-publish","4":"has-post-thumbnail","6":"product_brand-le-tanneur","7":"product_cat-divers","8":"product_cat-femme-le-tanneur","10":"first","11":"instock","12":"shipping-taxable","13":"purchasable","14":"product-type-simple"},"_links":{"self":[{"href":"https:\/\/solenemaro41.fr\/index.php?rest_route=\/wp\/v2\/product\/957","targetHints":{"allow":["GET"]}}],"collection":[{"href":"https:\/\/solenemaro41.fr\/index.php?rest_route=\/wp\/v2\/product"}],"about":[{"href":"https:\/\/solenemaro41.fr\/index.php?rest_route=\/wp\/v2\/types\/product"}],"replies":[{"embeddable":true,"href":"https:\/\/solenemaro41.fr\/index.php?rest_route=%2Fwp%2Fv2%2Fcomments&post=957"}],"wp:featuredmedia":[{"embeddable":true,"href":"https:\/\/solenemaro41.fr\/index.php?rest_route=\/wp\/v2\/media\/956"}],"wp:attachment":[{"href":"https:\/\/solenemaro41.fr\/index.php?rest_route=%2Fwp%2Fv2%2Fmedia&parent=957"}],"wp:term":[{"taxonomy":"product_brand","embeddable":true,"href":"https:\/\/solenemaro41.fr\/index.php?rest_route=%2Fwp%2Fv2%2Fproduct_brand&post=957"},{"taxonomy":"product_cat","embeddable":true,"href":"https:\/\/solenemaro41.fr\/index.php?rest_route=%2Fwp%2Fv2%2Fproduct_cat&post=957"},{"taxonomy":"product_tag","embeddable":true,"href":"https:\/\/solenemaro41.fr\/index.php?rest_route=%2Fwp%2Fv2%2Fproduct_tag&post=957"}],"curies":[{"name":"wp","href":"https:\/\/api.w.org\/{rel}","templated":true}]}}