{"id":989,"date":"2026-04-10T23:34:06","date_gmt":"2026-04-10T21:34:06","guid":{"rendered":"https:\/\/solenemaro41.fr\/?product=sac-a-dos-cabaia-mini-dhaka"},"modified":"2026-04-10T23:35:30","modified_gmt":"2026-04-10T21:35:30","slug":"sac-a-dos-cabaia-mini-dhaka","status":"publish","type":"product","link":"https:\/\/solenemaro41.fr\/?product=sac-a-dos-cabaia-mini-dhaka","title":{"rendered":"SAC A DOS CABA\u00cfA MINI DHAKA"},"content":{"rendered":"<p><strong>Descriptif du SAC A DOS CABA\u00cf.A MINI DHAKA<\/strong><\/p>\n<ul>\n<li>Poche PC\/Mac molletonn\u00e9.e 10,5&Prime; ( Hauteur 25cm x Largeur 22,5 cm x Epaisseur 2 cm)<\/li>\n<li>Tissu d\u00e9.perlant (vos affaires resteront toujours au sec !)<\/li>\n<li>Mousqueton int\u00e9.rieur de s\u00e9.curit\u00e9.<\/li>\n<li>Ouverture Cabas\u00ae. : Grand angle<\/li>\n<li>Ouverture anti-vol<\/li>\n<li>Mousqueton int\u00e9.rieur de s\u00e9.curit\u00e9.<\/li>\n<li>Bretelles molletonn\u00e9.es et anti-transpirantes<\/li>\n<li>Bande d&rsquo;attache pour valise<\/li>\n<li>Maintien bouteille d&rsquo;eau 50cl : pour \u00e9.viter les inondations<\/li>\n<li>Toile : Nylon 900D garantie \u00e0. vie !<\/li>\n<li>Zip YKK : la Rolls du zip, garanti \u00e0. vie aussi<\/li>\n<li>Fond \u00e9.tanche : Nettoyable facilement<\/li>\n<li>2 poches interchangeables avec syst\u00e8.me MOLLE\u00ae.<\/li>\n<li>Vegan<\/li>\n<li>Composition : 80% polyester, 20% polyurethane<\/li>\n<li>Poids : 0,800kg<\/li>\n<li>Volume : 12 L (parfait pour tous les jours et week end)<\/li>\n<li>Dimensions : 32 cm de haut, 23 cm de large, 13 cm \u00e9.paisseur<\/li>\n<\/ul>\n<p>Peut contenir : Un gros classeur et un pc 10,5&Prime;\u00a0. ou des livres et un Ipad OU 1 jeans \/ 2 t-shirts \/ 2 cale\u00e7.ons \/ 1 ipad<\/p>\n<p>\u00a0.<a href=\"https:\/\/youtu.be\/OGfyOMpejPQ\" target=\"_blank\" title=\"Partager le lien\">https:\/\/youtu.be\/OGfyOMpejPQ<\/a><\/p>\n<h4><strong>Informations livraisons<\/strong><\/h4>\n<div>Les frais de livraisons sont offerts d\u00e8.s 40&#038;euro. d&rsquo;achats<br \/>Livraison entre 3 et 5 jours<\/div>\n<div>Mode de paiement s\u00e9.curis\u00e9.s accept\u00e9.s : CARTE BANCAIRE\u00a0. ou\u00a0. PAYPAL<br \/>R\u00e9.ception des marchandises : A domicile ou Retrait \u00e0. notre magasin<br \/>Consulter nos<a href=\"http:\/\/www.solene-maroquinerie.fr\/conditions_generales_de_vente.html\" target=\"_self\" title=\"Nos CGV\">\u00a0.conditions g\u00e9.n\u00e9.rales de ventes<\/a><\/div>\n<p>\u00a0.<\/p>\n","protected":false},"excerpt":{"rendered":"<p>Descriptif du SAC A DOS CABA\u00cf.A MINI DHAKA Poche PC\/Mac molletonn\u00e9.e 10,5&Prime; ( Hauteur 25cm x Largeur 22,5 cm x Epaisseur 2 cm) Tissu d\u00e9.perlant (vos affaires resteront toujours au sec !) Mousqueton int\u00e9.rieur de s\u00e9.curit\u00e9. Ouverture Cabas\u00ae. : Grand angle Ouverture anti-vol Mousqueton int\u00e9.rieur de s\u00e9.curit\u00e9. Bretelles molletonn\u00e9.es et anti-transpirantes Bande d&rsquo;attache pour valise [&hellip;]<\/p>\n","protected":false},"featured_media":988,"comment_status":"open","ping_status":"closed","template":"","meta":[],"product_brand":[42],"product_cat":[19,44],"product_tag":[],"class_list":{"0":"post-989","1":"product","2":"type-product","3":"status-publish","4":"has-post-thumbnail","6":"product_brand-cabaia","7":"product_cat-sac-a-dos","8":"product_cat-sac-a-dos-cabaia-small","10":"first","11":"instock","12":"shipping-taxable","13":"purchasable","14":"product-type-simple"},"_links":{"self":[{"href":"https:\/\/solenemaro41.fr\/index.php?rest_route=\/wp\/v2\/product\/989","targetHints":{"allow":["GET"]}}],"collection":[{"href":"https:\/\/solenemaro41.fr\/index.php?rest_route=\/wp\/v2\/product"}],"about":[{"href":"https:\/\/solenemaro41.fr\/index.php?rest_route=\/wp\/v2\/types\/product"}],"replies":[{"embeddable":true,"href":"https:\/\/solenemaro41.fr\/index.php?rest_route=%2Fwp%2Fv2%2Fcomments&post=989"}],"wp:featuredmedia":[{"embeddable":true,"href":"https:\/\/solenemaro41.fr\/index.php?rest_route=\/wp\/v2\/media\/988"}],"wp:attachment":[{"href":"https:\/\/solenemaro41.fr\/index.php?rest_route=%2Fwp%2Fv2%2Fmedia&parent=989"}],"wp:term":[{"taxonomy":"product_brand","embeddable":true,"href":"https:\/\/solenemaro41.fr\/index.php?rest_route=%2Fwp%2Fv2%2Fproduct_brand&post=989"},{"taxonomy":"product_cat","embeddable":true,"href":"https:\/\/solenemaro41.fr\/index.php?rest_route=%2Fwp%2Fv2%2Fproduct_cat&post=989"},{"taxonomy":"product_tag","embeddable":true,"href":"https:\/\/solenemaro41.fr\/index.php?rest_route=%2Fwp%2Fv2%2Fproduct_tag&post=989"}],"curies":[{"name":"wp","href":"https:\/\/api.w.org\/{rel}","templated":true}]}}